{"id":331,"date":"2016-06-17T12:42:46","date_gmt":"2016-06-17T10:42:46","guid":{"rendered":"http:\/\/www.camara-de-tuberias.es\/blog\/?page_id=331"},"modified":"2016-12-07T13:46:27","modified_gmt":"2016-12-07T12:46:27","slug":"piscicam","status":"publish","type":"page","link":"http:\/\/www.camara-de-tuberias.es\/blog\/piscicam","title":{"rendered":"PISCICAM"},"content":{"rendered":"<blockquote><p><strong>PISCICAM<\/strong> es un boroscopio desarrollado por AGM-TEC adaptado a las condiciones que se presentan en las redes de tuber\u00edas de las instalaciones de piscinas.<\/p>\n<p><img loading=\"lazy\" class=\"aligncenter wp-image-418 size-full\" title=\"Boroscopio PISCICAM - C\u00e1mara para inspecci\u00f3n de tuber\u00edas de piscinas\" src=\"http:\/\/www.camara-de-tuberias.es\/blog\/wp-content\/uploads\/2016\/06\/agm-tec-piscicam.png\" alt=\"Boroscopio PISCICAM - C\u00e1mara para inspecci\u00f3n de tuber\u00edas de piscinas\" width=\"672\" height=\"370\" srcset=\"http:\/\/www.camara-de-tuberias.es\/blog\/wp-content\/uploads\/2016\/06\/agm-tec-piscicam.png 672w, http:\/\/www.camara-de-tuberias.es\/blog\/wp-content\/uploads\/2016\/06\/agm-tec-piscicam-300x165.png 300w\" sizes=\"(max-width: 672px) 100vw, 672px\" \/><\/p><\/blockquote>\n<h2><\/h2>\n<h3>\u00bfPOR QU\u00c9 PISCICAM?<\/h3>\n<p>Un tipo de aver\u00eda muy frecuente en las instalaciones de piscinas proviene de las tuber\u00edas, las conexiones de \u00e9stas y las conexiones con los elementos que conforma la instalaci\u00f3n.<\/p>\n<p>El uso de una <a href=\"http:\/\/www.camara-de-tuberias.es\/blog\/tag\/piscina\">c\u00e1mara para inspecci\u00f3n de tuber\u00edas de piscina<\/a> permite ver el estado de estos elementos sin necesidad de desmontar o realizar obras y una vez detectado el problema. <a href=\"http:\/\/www.camara-de-tuberias.es\/blog\/como-reparar-una-tuberia-de-piscina\">reparar la piscina sin necesidad de destruir la terraza<\/a>.<\/p>\n<p>Esto es una gran ventaja para usted como profesional y para sus clientes, pero las c\u00e1maras de inspecci\u00f3n de tuber\u00edas convencionales no son apropiadas para las piscinas por que:<\/p>\n<ol>\n<li>Los di\u00e1metros de tuber\u00eda son reducidos, por lo que el cabezal de inspecci\u00f3n debe tener un di\u00e1metro adecuado.<\/li>\n<li>Hay que contar con la presencia de skimmer, retornos, tomas de fondo&#8230;<\/li>\n<li>La presencia de codos es usual. Es importante que el cabezal sea flexible y de proporciones adecuadas.<\/li>\n<li>Los tubos tienen agua, por lo que hay que contar con equipos resistente a la inmersi\u00f3n.<\/li>\n<li>El trabajo se desarrolla en posiciones y lugares diversos, por ello el equipo debe ser ligero, c\u00f3modo\u00a0de transportar y f\u00e1cil en su uso\u00a0.<\/li>\n<li>Se necesita\u00a0un \u00e1ngulo de visi\u00f3n suficiente para ver la totalidad del conducto con una sola pasada de c\u00e1mara.<\/li>\n<li>Los clientes requieren conocer cual es el origen del problema, para ello la funci\u00f3n de grabar la sesi\u00f3n de inspecci\u00f3n en v\u00eddeo o fotograf\u00edas es la mejor explicaci\u00f3n y demostraci\u00f3n de su trabajo.<\/li>\n<\/ol>\n<p><iframe loading=\"lazy\" src=\"https:\/\/www.youtube.com\/embed\/f0CRTWTLW0Y\" width=\"509\" height=\"270\" frameborder=\"0\" allowfullscreen=\"allowfullscreen\"><\/iframe><\/p>\n<h6>Los beneficios<\/h6>\n<p>PISCICAM es un boroscopio \u00fanico para piscinas que aporta en su dise\u00f1o todos los elementos para realizar inspecciones seguras y rentables. Los materiales empleados est\u00e1n elegidos para adaptarse a las condiciones del trabajo\u00a0\u00a0y le confiere una larga vida de uso como el primer d\u00eda. Dispone de alta tecnolog\u00eda para grabar y realizar inspecciones precisas, con componente de alta eficiencia energ\u00e9tica que hacen de la <a href=\"http:\/\/www.camara-de-tuberias.es\/camara-inspeccion-tuberias\/3-camara-inspeccion-piscinas-piscicam.html\">PISCICAM <\/a>un equipo de gran autonom\u00eda.<\/p>\n<h3><\/h3>\n<figure id=\"attachment_374\" aria-describedby=\"caption-attachment-374\" style=\"width: 100px\" class=\"wp-caption aligncenter\"><a href=\"http:\/\/www.camara-de-tuberias.es\/camara-inspeccion-tuberias\/3-camara-inspeccion-piscinas-piscicam.html\"><img loading=\"lazy\" class=\"wp-image-374 size-full\" title=\"Env\u00edo 48 horas\" src=\"http:\/\/www.camara-de-tuberias.es\/blog\/wp-content\/uploads\/2016\/06\/agm-tec-envio-48h.png\" alt=\"Env\u00edo 48 horas\" width=\"100\" height=\"100\" \/><\/a><figcaption id=\"caption-attachment-374\" class=\"wp-caption-text\">Env\u00edo 48 horas<\/figcaption><\/figure>\n<h6>\u00bfComo consultarnos?<\/h6>\n<p>\u25a1 <strong>E-mail<\/strong>: Rellene nuestro <strong><a href=\"http:\/\/www.camara-de-tuberias.es\/contactanos\">formulario de contacto<\/a><\/strong> con sus datos y nos pondremos al habla.<\/p>\n<p>\u25a1 <strong>Chat directo<\/strong>: Utilice nuestro chat directo de nuestra <strong><a href=\"http:\/\/www.camara-de-tuberias.es\/\">tienda en l\u00ednea<\/a><\/strong> para contactar con un experto que le atender\u00e1 personalmente.<\/p>\n<p>\u25a1 <strong>M\u00f3vil o Whatsapp<\/strong>:\u00a0Contacte ahora al 644 455 575<\/p>\n<figure id=\"attachment_367\" aria-describedby=\"caption-attachment-367\" style=\"width: 231px\" class=\"wp-caption aligncenter\"><img loading=\"lazy\" class=\"size-full wp-image-367\" src=\"http:\/\/www.camara-de-tuberias.es\/blog\/wp-content\/uploads\/2016\/06\/AGM-TEC-llamanos-ahora.png\" alt=\"AGM-TEC Ll\u00e1manos ahora al 644 455 575\" width=\"231\" height=\"55\" \/><figcaption id=\"caption-attachment-367\" class=\"wp-caption-text\">M\u00f3vil y Whatsapp<\/figcaption><\/figure>\n","protected":false},"excerpt":{"rendered":"<p>PISCICAM es un boroscopio desarrollado por AGM-TEC adaptado a las condiciones que se presentan en las redes de tuber\u00edas de las instalaciones de piscinas. \u00bfPOR QU\u00c9 PISCICAM? Un tipo de aver\u00eda muy frecuente en las instalaciones de piscinas proviene de las tuber\u00edas, las conexiones de \u00e9stas y las conexiones con los elementos que conforma la &hellip; <a href=\"http:\/\/www.camara-de-tuberias.es\/blog\/piscicam\" class=\"more-link\">Seguir leyendo <span class=\"screen-reader-text\">PISCICAM<\/span> <span class=\"meta-nav\">&rarr;<\/span><\/a><\/p>\n","protected":false},"author":1,"featured_media":332,"parent":0,"menu_order":0,"comment_status":"closed","ping_status":"closed","template":"page-templates\/full-width.php","meta":{"sfsi_plus_gutenberg_text_before_share":"","sfsi_plus_gutenberg_show_text_before_share":"","sfsi_plus_gutenberg_icon_type":"","sfsi_plus_gutenberg_icon_alignemt":"","sfsi_plus_gutenburg_max_per_row":"","_mi_skip_tracking":false},"aioseo_notices":[],"_links":{"self":[{"href":"http:\/\/www.camara-de-tuberias.es\/blog\/wp-json\/wp\/v2\/pages\/331"}],"collection":[{"href":"http:\/\/www.camara-de-tuberias.es\/blog\/wp-json\/wp\/v2\/pages"}],"about":[{"href":"http:\/\/www.camara-de-tuberias.es\/blog\/wp-json\/wp\/v2\/types\/page"}],"author":[{"embeddable":true,"href":"http:\/\/www.camara-de-tuberias.es\/blog\/wp-json\/wp\/v2\/users\/1"}],"replies":[{"embeddable":true,"href":"http:\/\/www.camara-de-tuberias.es\/blog\/wp-json\/wp\/v2\/comments?post=331"}],"version-history":[{"count":53,"href":"http:\/\/www.camara-de-tuberias.es\/blog\/wp-json\/wp\/v2\/pages\/331\/revisions"}],"predecessor-version":[{"id":715,"href":"http:\/\/www.camara-de-tuberias.es\/blog\/wp-json\/wp\/v2\/pages\/331\/revisions\/715"}],"wp:featuredmedia":[{"embeddable":true,"href":"http:\/\/www.camara-de-tuberias.es\/blog\/wp-json\/wp\/v2\/media\/332"}],"wp:attachment":[{"href":"http:\/\/www.camara-de-tuberias.es\/blog\/wp-json\/wp\/v2\/media?parent=331"}],"curies":[{"name":"wp","href":"https:\/\/api.w.org\/{rel}","templated":true}]}}