{"id":521,"date":"2016-07-15T15:31:13","date_gmt":"2016-07-15T13:31:13","guid":{"rendered":"http:\/\/www.camara-de-tuberias.es\/blog\/?page_id=521"},"modified":"2017-05-16T12:32:16","modified_gmt":"2017-05-16T10:32:16","slug":"tubicam-xl","status":"publish","type":"page","link":"http:\/\/www.camara-de-tuberias.es\/blog\/tubicam-xl","title":{"rendered":"TUBICAM XL"},"content":{"rendered":"<blockquote><p>TUBICAM XL es el boroscopio referente\u00a0para la inspecci\u00f3n de tuber\u00edas y conductos, por sus altas prestaciones t\u00e9cnicas, su robustez y su excelente precio.<\/p><\/blockquote>\n<p><!--more--><\/p>\n<p><a href=\"http:\/\/www.camara-de-tuberias.es\/camara-inspeccion-tuberias\/2-camara-de-inspeccion-tuberias-tubicam-xl.html\"><img loading=\"lazy\" class=\"aligncenter wp-image-406 size-full\" title=\"TUBICAM XL - C\u00e1mara para inspecci\u00f3n de tuber\u00edas\" src=\"http:\/\/www.camara-de-tuberias.es\/blog\/wp-content\/uploads\/2016\/06\/agm-tec-tubicam-xl.png\" alt=\"TUBICAM XL - C\u00e1mara para inspecci\u00f3n de tuber\u00edas\" width=\"672\" height=\"370\" srcset=\"http:\/\/www.camara-de-tuberias.es\/blog\/wp-content\/uploads\/2016\/06\/agm-tec-tubicam-xl.png 672w, http:\/\/www.camara-de-tuberias.es\/blog\/wp-content\/uploads\/2016\/06\/agm-tec-tubicam-xl-300x165.png 300w\" sizes=\"(max-width: 672px) 100vw, 672px\" \/><\/a><\/p>\n<h2><strong>Boroscopio<\/strong><\/h2>\n<p style=\"text-align: justify;\">Este <em>boroscopio<\/em>\u00a0para inspecci\u00f3n de tuber\u00edas con c\u00e1mara TV de empuje manual, aporta la \u00faltima tecnolog\u00eda y ha sido dise\u00f1ado\u00a0y para dar soluci\u00f3n a la inspecci\u00f3n del interior de tuber\u00edas y conductos comprendidos entre los \u00d8100 mm (4 pulgadas) y \u00d8500 mm (20 pulgadas).<\/p>\n<p style=\"text-align: justify;\">El <em>boroscopio para tuber\u00edas y conductos<\/em> <strong>TUBICAM XL<\/strong>\u00a0es un instrumento de\u00a0inspecci\u00f3n indirecta con c\u00e1mara cctv (circuito cerrado de televisi\u00f3n) que facilita el diagn\u00f3stico y permite realizar el seguimiento de intervenciones sin necesidad de desmontar o realizar obra y ser\u00a0<a href=\"http:\/\/www.camara-de-tuberias.es\/blog\/camara-inspeccion-tuberias-resistente\">resistente<\/a>\u00a0bajo las condiciones de trabajo a las que se somete habitualmente este instrumento.<\/p>\n<h3>TUBICAM XL boroscopio por empuje para inspecci\u00f3n de\u00a0tuber\u00edas, conductos y canalizaciones<\/h3>\n<p style=\"text-align: left;\">Las c\u00e1maras de inspecci\u00f3n por empuje implementan las ventajas de la tecnolog\u00eda para poder visionar el interior de conductos inaccesibles.<\/p>\n<p style=\"text-align: left;\">Son varios los elementos que consiguen hacer de una c\u00e1mara de inspecci\u00f3n de tuber\u00edas un elemento indispensable para el profesional de la vigilancia, el mantenimiento y la reparaci\u00f3n de las redes y los\u00a0conductos.<\/p>\n<h4>Dotada de la \u00faltima tecnolog\u00eda<\/h4>\n<p><img loading=\"lazy\" class=\"alignleft wp-image-522 size-thumbnail\" title=\"Sensor de captura de imagen CMOS\" src=\"http:\/\/www.camara-de-tuberias.es\/blog\/wp-content\/uploads\/2016\/07\/Sensor-CMOS-Sony-150x150.jpg\" alt=\"Sensor CMOS\" width=\"150\" height=\"150\" \/><\/p>\n<p>TUBICAM XL aportar valor a las tareas de mantenimiento y de reparaci\u00f3n en las redes de conductos y tuber\u00edas.<\/p>\n<p>TUBICAM XL<strong>\u00a0<\/strong>es un boroscopio de alta tecnolog\u00eda que incorpora componentes electr\u00f3nicos de \u00faltima generaci\u00f3n y est\u00e1 fabricado con materiales especialmente concebidos\u00a0para operar en entornos con agua, obst\u00e1culos y suciedad.<\/p>\n<blockquote class=\"alignright\"><p>Altas prestaciones y materiales \u00a0de \u00faltima generaci\u00f3n.<\/p><\/blockquote>\n<p>El sensor de la c\u00e1mara CMOS\u00a0junto a la potente corona de iluminaci\u00f3n led incorporada en el cabezal, permiten una visi\u00f3n de imagen de alta calidad en cualquier entorno.<\/p>\n<p style=\"text-align: justify;\">Dispone de una intuitiva interfaz de usuario en espa\u00f1ol para el control de las funciones principales, las cuales se han simplificado para usted concentre su atenci\u00f3n en el trabajo<\/p>\n<p style=\"text-align: justify;\">TUBICAM XL ha sido dise\u00f1ada de forma inteligente y equilibrada, poniendo enfoque en su rendimiento energ\u00e9tico para conseguir un equipo de gran autonom\u00eda de funcionamiento.<\/p>\n<div><button><span style=\"color: #ffffff;\"><a style=\"color: #ffffff;\" href=\"http:\/\/www.camara-de-tuberias.es\/camara-inspeccion-tuberias\/2-camara-de-inspeccion-tuberias-tubicam-xl.html\">Ver en Tienda<\/a><\/span><\/button><\/div>\n<h4>Cabezal<\/h4>\n<p>Este es el factor clave del equipo. El cabezal de <strong>\u00d850 mm<\/strong>\u00a0dispone de un muelle de acero que facilita la adaptaci\u00f3n de la c\u00e1mara a codos y cambios de direcci\u00f3n en el interior de la red de tuber\u00edas o los conductos.<\/p>\n<p>El cabezal est\u00e1 fabricado en acero inoxidable y resistente a la inmersi\u00f3n en agua hasta una presi\u00f3n de 3 bares y sus dimensiones, dise\u00f1o y proporciones son adecuadas para poder circular con facilitad en tuber\u00edas y conductos entre<strong>\u00a0\u00d8100 mm y \u00d8500 mm <\/strong>o sus equivalentes en\u00a0<strong>4 pulgadas y 20 pulgadas.<\/strong><\/p>\n<p><img loading=\"lazy\" class=\"wp-image-524 size-thumbnail alignright\" title=\"TUBICAM XL - Cabezal de la c\u00e1mara para inspecci\u00f3n de tuber\u00edas\" src=\"http:\/\/www.camara-de-tuberias.es\/blog\/wp-content\/uploads\/2016\/07\/camara-de-inspeccion-tuberias-tubicam-xl-3-150x150.jpg\" alt=\"TUBICAM XL - Cabezal de la c\u00e1mara para inspecci\u00f3n de tuber\u00edas\" width=\"150\" height=\"150\" \/><\/p>\n<p>TUBICAM XL incorpora una c\u00e1mara con sensor CMOS de alta resoluci\u00f3n. Su <strong>\u00e1ngulo de visi\u00f3n a 90\u00ba<\/strong> permite una visi\u00f3n panor\u00e1mica de la totalidad del conducto.<\/p>\n<p>La corona de iluminaci\u00f3n est\u00e1 formada por 18 led de alta intensidad de luz blanca e intensidad regulable, garantizando una fuente de luminaci\u00f3n\u00a0\u00f3ptima para una inspecci\u00f3n perfecta.<\/p>\n<p>El frontal de la c\u00e1mara est\u00e1 provisto de <strong>cristal zafiro<\/strong>, el cual aporta\u00a0una gran <em>resistencia al rayado y<\/em>\u00a0garantizando una larga vida del cabezal con un rendimiento<em> como el primer d\u00eda de uso<\/em>.<\/p>\n<h4>El cable gu\u00eda<\/h4>\n<p>Es un importante elemento del equipo pues se encarga del empuje del cabezal y de conectarlo con la maleta que controla la visualizaci\u00f3n.<\/p>\n<p>Esta gu\u00eda est\u00e1 construida de un material de alta resistencia, lo suficientemente r\u00edgido como para poder <strong>alcanzar hasta 120 metros<\/strong> de alcance\u00a0dentro de un conducto y a la vez con la suficiente flexibilidad para adaptarse a los cambios de direcci\u00f3n, evitando que a partir de una distancia, el peso del cable y la resistencia de la tuber\u00eda o conducto, hagan que se rice el cable y que pierda el boroscopio capacidad de alcance.<\/p>\n<figure id=\"attachment_526\" aria-describedby=\"caption-attachment-526\" style=\"width: 200px\" class=\"wp-caption alignleft\"><img loading=\"lazy\" class=\"wp-image-526\" title=\"TUBICAM XL - Carrete de la c\u00e1mara para inspecci\u00f3n de tuber\u00edas\" src=\"http:\/\/www.camara-de-tuberias.es\/blog\/wp-content\/uploads\/2016\/07\/camara-de-inspeccion-tuberias-tubicam-xl-5-150x150.jpg\" alt=\"TUBICAM XL - Carrete de la c\u00e1mara para inspecci\u00f3n de tuber\u00edas\" width=\"200\" height=\"200\" srcset=\"http:\/\/www.camara-de-tuberias.es\/blog\/wp-content\/uploads\/2016\/07\/camara-de-inspeccion-tuberias-tubicam-xl-5-150x150.jpg 150w, http:\/\/www.camara-de-tuberias.es\/blog\/wp-content\/uploads\/2016\/07\/camara-de-inspeccion-tuberias-tubicam-xl-5-300x300.jpg 300w, http:\/\/www.camara-de-tuberias.es\/blog\/wp-content\/uploads\/2016\/07\/camara-de-inspeccion-tuberias-tubicam-xl-5-768x768.jpg 768w, http:\/\/www.camara-de-tuberias.es\/blog\/wp-content\/uploads\/2016\/07\/camara-de-inspeccion-tuberias-tubicam-xl-5.jpg 800w\" sizes=\"(max-width: 200px) 100vw, 200px\" \/><figcaption id=\"caption-attachment-526\" class=\"wp-caption-text\">Carrete 60 \u00f3 120 m<\/figcaption><\/figure>\n<p>La gu\u00eda es el elemento que empuja el cabezal en su recorrido, pero tambi\u00e9n es el que realiza la tracci\u00f3n cuando el trabajo ha finalizado. En su interior alberga el cableado que conecta al cabezal, por ello debe estar <strong>construida con materiales de alta calidad<\/strong> que aporten protecci\u00f3n.<\/p>\n<p>La gu\u00eda tiene una nueva capa gris externa que aporta mayor resistente a la fricci\u00f3n y a agentes qu\u00edmicos y al mismo tiempo favorece\u00a0el deslizamiento por los conductos.<\/p>\n<figure id=\"attachment_581\" aria-describedby=\"caption-attachment-581\" style=\"width: 150px\" class=\"wp-caption alignright\"><a href=\"http:\/\/www.camara-de-tuberias.es\/accesorios\/19-centrador-mecanico-gama-tubicam-xl.html\"><img loading=\"lazy\" class=\"wp-image-581 size-thumbnail\" title=\"Centrado mec\u00e1nico para TUBICAM XL\" src=\"http:\/\/www.camara-de-tuberias.es\/blog\/wp-content\/uploads\/2016\/07\/centrador-mecanico-gama-tubicam-xl-150x150.jpg\" alt=\"Centrado mec\u00e1nico para TUBICAM XL\" width=\"150\" height=\"150\" srcset=\"http:\/\/www.camara-de-tuberias.es\/blog\/wp-content\/uploads\/2016\/07\/centrador-mecanico-gama-tubicam-xl-150x150.jpg 150w, http:\/\/www.camara-de-tuberias.es\/blog\/wp-content\/uploads\/2016\/07\/centrador-mecanico-gama-tubicam-xl-300x300.jpg 300w, http:\/\/www.camara-de-tuberias.es\/blog\/wp-content\/uploads\/2016\/07\/centrador-mecanico-gama-tubicam-xl-768x768.jpg 768w, http:\/\/www.camara-de-tuberias.es\/blog\/wp-content\/uploads\/2016\/07\/centrador-mecanico-gama-tubicam-xl.jpg 800w\" sizes=\"(max-width: 150px) 100vw, 150px\" \/><\/a><figcaption id=\"caption-attachment-581\" class=\"wp-caption-text\">Centrado mec\u00e1nico para TUBICAM XL<\/figcaption><\/figure>\n<p>Para conseguir un mayor rendimiento de alcance, TUBICAM XL dispone de un accesorio centrador construido en acero inoxidable que se adapta al di\u00e1metro del conducto y facilita el transporte del cabezal y su correcta posici\u00f3n para la inspecci\u00f3n.<\/p>\n<p>El carrete est\u00e1 construido en tubo de acero inoxidable, dispone ruedas para facilitar su transporte y su principal cometido es el de almacenar la gu\u00eda, pero su radio de rotaci\u00f3n es a su vez una ayuda al empuje de la c\u00e1mara, sobre todo cuando se superan los 40 metros de prospecci\u00f3n y el cable desenrollado empieza a tomar un peso considerable dentro del conducto.<\/p>\n<h4>El od\u00f3metro<\/h4>\n<figure style=\"width: 150px\" class=\"wp-caption alignleft\"><img loading=\"lazy\" title=\"Od\u00f3metro de TUBICAM XL - Contador en metros o pies\" src=\"https:\/\/lh3.googleusercontent.com\/-QH_GekdiZd0\/V2WNG22tUyI\/AAAAAAAAAao\/GgGU5ihMpQsS_5BXzuAXLEfBTfDrwsGAQCCo\/s288\/camara-de-inspeccion-tuberias-tubicam-xl%2B%25282%2529.jpg\" alt=\"Od\u00f3metro de TUBICAM XL - Contador en metros o pies\" width=\"150\" height=\"150\" \/><figcaption class=\"wp-caption-text\">Od\u00f3metro metros o pies<\/figcaption><\/figure>\n<p>TUBICAM XL lleva incorporado en el carrete un od\u00f3metro con lectura en el display de la pantalla que puede ser programado para contar la distancia de cable recorrida en metros o pies.<\/p>\n<p>Esta funcionalidad es del todo imprescindible en las inspecciones para determinar los puntos donde se encuentras aquellas incidencias que con posteridad deber\u00e1n ser intervenidas para su reparaci\u00f3n.<\/p>\n<p>Al aparecer marcado en el display de la pantalla, el operario puede trabajar con mayor comodidad,\u00a0puesto que la captura de la sesi\u00f3n, as\u00ed como los comentarios de voz, quedar\u00e1n grabados\u00a0en formato de v\u00eddeo digital y almacenados en unidades de memoria externa.<\/p>\n<h4>El equipo de visionado<\/h4>\n<p>El equipo de visionado TUBICAM XL\u00a0est\u00e1 completamente integrado en una maleta especialmente concebida para un transporte de todos los elementos de forma c\u00f3moda y segura. <strong>Construida en material resistente al impacto y con cierre estanco<\/strong>, esta maleta contiene todos los elementos necesarios para el control del equipo. En su tapa se ubica el monitor TFT color, protegido por parasoles que le permitiran ver la imagen sin reflejos y de forma n\u00edtida en situaciones de mucha luz.<\/p>\n<p><img loading=\"lazy\" class=\"size-thumbnail wp-image-531 alignright\" src=\"http:\/\/www.camara-de-tuberias.es\/blog\/wp-content\/uploads\/2016\/07\/IMG_20160628_200424-1-150x150.jpg\" alt=\"TUBICAM - Tapa malet\u00edn con monitor y botonera\" width=\"150\" height=\"150\" \/>Tambi\u00e9n encontrar\u00e1 en la tapa las principales conexiones y puertos <strong>USB para la grabaci\u00f3n en un pendrive<\/strong> de las im\u00e1genes o v\u00eddeos de las sesiones de inspecci\u00f3n que e indicadores y una <strong>ranura para tarjeta SD<\/strong>. En el cuerpo principal de la maleta TUBICAM R\u00a0se encajan los distintos elementos que componen el equipo de inspecci\u00f3n de forma ordenada y segura para su transporte.<\/p>\n<h4>La autonom\u00eda<\/h4>\n<p>TUBICAM R est\u00e1 concebido para aportar un nivel de altas prestaciones profesionales, por ello el poder hacer uso de este equipo en cualquier circunstancia es una prioridad en su dise\u00f1o. Para aportar esa autonom\u00eda, TUBICAM R est\u00e1 equipado con un <strong>doble sistema de alimentaci\u00f3n<\/strong>, por un lado mediante cable a red el\u00e9ctrica 220v y cuando esto no es posible, dispone de una <a href=\"http:\/\/www.camara-de-tuberias.es\/blog\/bateria-ion-litio-recomendaciones-uso\"><strong>bater\u00eda de ion de Litio<\/strong><\/a>\u00a0recargable que aporta una alta autonom\u00eda (hasta <strong>4 horas<\/strong> ininterrumpidas).<\/p>\n<figure id=\"attachment_628\" aria-describedby=\"caption-attachment-628\" style=\"width: 150px\" class=\"wp-caption alignleft\"><img loading=\"lazy\" class=\"size-thumbnail wp-image-628\" src=\"http:\/\/www.camara-de-tuberias.es\/blog\/wp-content\/uploads\/2016\/08\/bateria-litio-12v-gama-tubicam-150x150.jpg\" alt=\"Bater\u00eda Litio 12 V gama TUBICAM\" width=\"150\" height=\"150\" srcset=\"http:\/\/www.camara-de-tuberias.es\/blog\/wp-content\/uploads\/2016\/08\/bateria-litio-12v-gama-tubicam-150x150.jpg 150w, http:\/\/www.camara-de-tuberias.es\/blog\/wp-content\/uploads\/2016\/08\/bateria-litio-12v-gama-tubicam-300x300.jpg 300w, http:\/\/www.camara-de-tuberias.es\/blog\/wp-content\/uploads\/2016\/08\/bateria-litio-12v-gama-tubicam-768x768.jpg 768w, http:\/\/www.camara-de-tuberias.es\/blog\/wp-content\/uploads\/2016\/08\/bateria-litio-12v-gama-tubicam.jpg 800w\" sizes=\"(max-width: 150px) 100vw, 150px\" \/><figcaption id=\"caption-attachment-628\" class=\"wp-caption-text\">Bater\u00eda Litio 12 V<\/figcaption><\/figure>\n<p>Para mayor <a href=\"http:\/\/www.camara-de-tuberias.es\/blog\/seguridad-uso-camaras-inspeccion-tuberias\">seguridad de usted y tambi\u00e9n de su c\u00e1mara para inspecci\u00f3n de tuber\u00edas<\/a>, podr\u00e1 conocer el estado de su bater\u00eda gracias a un <strong>indicador de led<\/strong>\u00a0que le informar\u00e1 de cual es la carga de bater\u00eda disponible.<\/p>\n<div><button><span style=\"color: #ffffff;\"><a style=\"color: #ffffff;\" href=\"http:\/\/www.camara-de-tuberias.es\/camara-inspeccion-tuberias\/2-camara-de-inspeccion-tuberias-tubicam-xl.html\">Ver en Tienda<\/a><\/span><\/button><\/div>\n<h4>Concebida para resistir<\/h4>\n<p><img loading=\"lazy\" class=\"wp-image-530 size-medium alignright\" title=\"Casco de obra\" src=\"http:\/\/www.camara-de-tuberias.es\/blog\/wp-content\/uploads\/2016\/07\/construction-1160260_1280-2-300x191.jpg\" alt=\"Casco de obra\" width=\"300\" height=\"191\" srcset=\"http:\/\/www.camara-de-tuberias.es\/blog\/wp-content\/uploads\/2016\/07\/construction-1160260_1280-2-300x191.jpg 300w, http:\/\/www.camara-de-tuberias.es\/blog\/wp-content\/uploads\/2016\/07\/construction-1160260_1280-2-768x489.jpg 768w, http:\/\/www.camara-de-tuberias.es\/blog\/wp-content\/uploads\/2016\/07\/construction-1160260_1280-2.jpg 831w\" sizes=\"(max-width: 300px) 100vw, 300px\" \/><\/p>\n<p style=\"text-align: left;\">Nuestros clientes necesitan equipos duros y fiables, una c\u00e1mara de inspecci\u00f3n para tuber\u00edas construida para responder de forma \u00f3ptima a las condiciones de los entornos que habitualmente se presenta dentro \u00a0nos de los conductos y las tuber\u00edas.<\/p>\n<h3 style=\"text-align: justify;\">Beneficios<\/h3>\n<p><img loading=\"lazy\" class=\"alignleft wp-image-528 size-thumbnail\" title=\"TUBICAM XL - Cabezal \u00d850 mm\" src=\"http:\/\/www.camara-de-tuberias.es\/blog\/wp-content\/uploads\/2016\/07\/camera-50-mm-pour-tubicam-xl-camera-d-inspection-de-canalisation-de-drain-1-150x150.jpg\" alt=\"TUBICAM XL - Cabezal \u00d850 mm\" width=\"150\" height=\"150\" srcset=\"http:\/\/www.camara-de-tuberias.es\/blog\/wp-content\/uploads\/2016\/07\/camera-50-mm-pour-tubicam-xl-camera-d-inspection-de-canalisation-de-drain-1-150x150.jpg 150w, http:\/\/www.camara-de-tuberias.es\/blog\/wp-content\/uploads\/2016\/07\/camera-50-mm-pour-tubicam-xl-camera-d-inspection-de-canalisation-de-drain-1-300x300.jpg 300w, http:\/\/www.camara-de-tuberias.es\/blog\/wp-content\/uploads\/2016\/07\/camera-50-mm-pour-tubicam-xl-camera-d-inspection-de-canalisation-de-drain-1.jpg 389w\" sizes=\"(max-width: 150px) 100vw, 150px\" \/>La aplicaci\u00f3n de la t\u00e9cnica de inspecci\u00f3n no destructiva con boroscopio es una ventaja que ofrece la tecnolog\u00eda de la c\u00e1mara para inspecci\u00f3n de tuber\u00edas TUBICAM XL.<\/p>\n<p>El uso de una c\u00e1mara para inspeccionar tuber\u00edas aporta valor a los profesionales, gracias a la facilidad, rapidez y seguridad en el diagn\u00f3stico que har\u00e1 su trabajo m\u00e1s rentable, beneficiando al mismo tiempo a sus clientes.<\/p>\n<blockquote class=\"alignright\"><p>TUBICAM XL hace que las tareas se hagan de forma m\u00e1s limpia, precisa, r\u00e1pida y segura.<\/p><\/blockquote>\n<p style=\"text-align: left;\">La t\u00e9cnica de inspecci\u00f3n con boroscopio hace que el trabajo sea m\u00e1s limpio, puesto que la mayor\u00eda de veces la inspecci\u00f3n no requiere realizar obra, ganando as\u00ed un valioso tiempo que aporta m\u00e1s productividad a la jornada de trabajo, adem\u00e1s de que la visualizaci\u00f3n indirecta es la forma m\u00e1s certera de realizar un diagn\u00f3stico preciso sobre el problema que existe dentro de las tuber\u00edas y los conductos, por \u00faltimo y no por ello menos importante, el uso de la c\u00e1mara TUBICAM XL evita que \u00a0el operario se exponga directamente en lugares de dif\u00edcil acceso, con riesgo a ca\u00edda, atrapamiento o exposici\u00f3n directa a elementos t\u00f3xicos.<\/p>\n<div><button><span style=\"color: #ffffff;\"><a style=\"color: #ffffff;\" href=\"http:\/\/www.camara-de-tuberias.es\/camara-inspeccion-tuberias\/2-camara-de-inspeccion-tuberias-tubicam-xl.html\">Ver en Tienda<\/a><\/span><\/button><\/div>\n<h3>TUBICAM XL &#8211; Ficha de producto<\/h3>\n<figure id=\"attachment_496\" aria-describedby=\"caption-attachment-496\" style=\"width: 300px\" class=\"wp-caption aligncenter\"><a href=\"http:\/\/www.camara-de-tuberias.es\/camara-inspeccion-tuberias\/2-camara-de-inspeccion-tuberias-tubicam-xl.html\"><img loading=\"lazy\" class=\"wp-image-496 size-medium\" title=\"TUBICAM XL C\u00e1mara para inspecci\u00f3n de tuber\u00edas - boroscopio\" src=\"http:\/\/www.camara-de-tuberias.es\/blog\/wp-content\/uploads\/2016\/07\/camara-de-inspeccion-tuberias-tubicam-xl-300x300.jpg\" alt=\"TUBICAM XL C\u00e1mara para inspecci\u00f3n de tuber\u00edas - boroscopio\" width=\"300\" height=\"300\" srcset=\"http:\/\/www.camara-de-tuberias.es\/blog\/wp-content\/uploads\/2016\/07\/camara-de-inspeccion-tuberias-tubicam-xl-300x300.jpg 300w, http:\/\/www.camara-de-tuberias.es\/blog\/wp-content\/uploads\/2016\/07\/camara-de-inspeccion-tuberias-tubicam-xl-150x150.jpg 150w, http:\/\/www.camara-de-tuberias.es\/blog\/wp-content\/uploads\/2016\/07\/camara-de-inspeccion-tuberias-tubicam-xl-768x768.jpg 768w, http:\/\/www.camara-de-tuberias.es\/blog\/wp-content\/uploads\/2016\/07\/camara-de-inspeccion-tuberias-tubicam-xl.jpg 800w\" sizes=\"(max-width: 300px) 100vw, 300px\" \/><\/a><figcaption id=\"caption-attachment-496\" class=\"wp-caption-text\">TUBICAM XL<\/figcaption><\/figure>\n<h3>Equipamiento<\/h3>\n<table style=\"height: 121px;\" width=\"317\">\n<tbody>\n<tr>\n<th><\/th>\n<th>Serie<\/th>\n<th>opcional<\/th>\n<\/tr>\n<tr>\n<td><strong>Cable<\/strong><\/td>\n<td>60 metros<\/td>\n<td>120 metros<\/td>\n<\/tr>\n<tr class=\"even\">\n<td><strong>Cabezal<\/strong><\/td>\n<td>\u00d850 mm<\/td>\n<td>Sonda 512 Hz<\/td>\n<\/tr>\n<tr>\n<td><strong>Monitor LCD color<\/strong><\/td>\n<td>7 pulgadas<\/td>\n<td>10 pulgadas<\/td>\n<\/tr>\n<tr>\n<td><strong>Centrador de cabezal<\/strong><\/td>\n<td>3 Ud.<\/td>\n<td><a href=\"http:\/\/www.camara-de-tuberias.es\/accesorios\/19-centrador-mecanico-gama-tubicam-xl.html\">Centrador mec\u00e1nico<\/a><\/td>\n<\/tr>\n<tr>\n<td><strong>Bater\u00eda Litio 12 V<\/strong><\/td>\n<td>1 Ud.<\/td>\n<td>&#8211;<\/td>\n<\/tr>\n<tr>\n<td><strong>Cargador de bater\u00eda<\/strong><\/td>\n<td>1 Ud.<\/td>\n<td>&#8211;<\/td>\n<\/tr>\n<tr>\n<td><b>Alimentaci\u00f3n red el\u00e9ctrica<\/b><\/td>\n<td>1 Ud.<\/td>\n<td>&#8211;<\/td>\n<\/tr>\n<tr>\n<td><strong>Cable conector a c\u00e1mara<\/strong><\/td>\n<td>1 Ud.<\/td>\n<td>&#8211;<\/td>\n<\/tr>\n<\/tbody>\n<\/table>\n<h4>Funciones<\/h4>\n<table style=\"height: 121px;\" width=\"317\">\n<tbody>\n<tr>\n<td><strong>Grabaci\u00f3n de v\u00eddeo<\/strong><\/td>\n<td>AVI\/MP4<\/td>\n<\/tr>\n<tr class=\"even\">\n<td><b>Captura de fotograf\u00edas<\/b><\/td>\n<td>JPG<\/td>\n<\/tr>\n<tr>\n<td><strong>Micr\u00f3fono Integrado<\/strong><\/td>\n<td>On \/ Off<\/td>\n<\/tr>\n<tr>\n<td><strong>Puerto USB<\/strong><\/td>\n<td>1 Ud.<\/td>\n<\/tr>\n<tr>\n<td><b>Ranura tarjeta MicroSD<\/b><\/td>\n<td>1 Ud.<\/td>\n<\/tr>\n<tr>\n<td><strong>Interfaz varios idiomas (castellano)<\/strong><\/td>\n<td>Si<\/td>\n<\/tr>\n<tr>\n<td><b>Parasol monitor anti reflejos<\/b><\/td>\n<td>Si<\/td>\n<\/tr>\n<tr>\n<td><strong>Control intensidad iluminaci\u00f3n<\/strong><\/td>\n<td>Si<\/td>\n<\/tr>\n<\/tbody>\n<\/table>\n<div><img loading=\"lazy\" class=\"aligncenter wp-image-531 size-large\" src=\"http:\/\/www.camara-de-tuberias.es\/blog\/wp-content\/uploads\/2016\/07\/IMG_20160628_200424-1-1024x576.jpg\" alt=\"TUBICAM - Tapa malet\u00edn con monitor y botonera\" width=\"474\" height=\"267\" srcset=\"http:\/\/www.camara-de-tuberias.es\/blog\/wp-content\/uploads\/2016\/07\/IMG_20160628_200424-1-1024x576.jpg 1024w, http:\/\/www.camara-de-tuberias.es\/blog\/wp-content\/uploads\/2016\/07\/IMG_20160628_200424-1-300x169.jpg 300w, http:\/\/www.camara-de-tuberias.es\/blog\/wp-content\/uploads\/2016\/07\/IMG_20160628_200424-1-768x432.jpg 768w\" sizes=\"(max-width: 474px) 100vw, 474px\" \/><\/div>\n<div>\n<h3><\/h3>\n<h3>Aplicaciones<\/h3>\n<p>Desatascos y Desatrancos &#8211;\u00a0Fontaner\u00eda &#8211;\u00a0Lampister\u00eda &#8211; Gasfinter\u00eda &#8211; Mantenimiento de Infraestructuras &#8211; Ingenier\u00eda &#8211; Redes sanitarias &#8211; Alcantarillas &#8211; Cloacas &#8211; Localizaci\u00f3n de fugas &#8211; Pocer\u00eda &#8211;\u00a0Redes de saneamiento &#8211; Control de plagas &#8211; Patolog\u00eda de Edificios &#8211; Inspecciones t\u00e9cnicas en edificios (ITE) &#8211;\u00a0Aplicaciones Hidrol\u00f3gicas &#8211; Geotermia<\/p>\n<div><button><span style=\"color: #ffffff;\"><a style=\"color: #ffffff;\" href=\"http:\/\/www.camara-de-tuberias.es\/camara-inspeccion-tuberias\/2-camara-de-inspeccion-tuberias-tubicam-xl.html\">Ver en Tienda<\/a><\/span><\/button><\/div>\n<\/div>\n","protected":false},"excerpt":{"rendered":"<p>TUBICAM XL es el boroscopio referente\u00a0para la inspecci\u00f3n de tuber\u00edas y conductos, por sus altas prestaciones t\u00e9cnicas, su robustez y su excelente precio.<\/p>\n","protected":false},"author":1,"featured_media":539,"parent":0,"menu_order":0,"comment_status":"closed","ping_status":"closed","template":"page-templates\/full-width.php","meta":{"sfsi_plus_gutenberg_text_before_share":"","sfsi_plus_gutenberg_show_text_before_share":"","sfsi_plus_gutenberg_icon_type":"","sfsi_plus_gutenberg_icon_alignemt":"","sfsi_plus_gutenburg_max_per_row":"","_mi_skip_tracking":false},"aioseo_notices":[],"_links":{"self":[{"href":"http:\/\/www.camara-de-tuberias.es\/blog\/wp-json\/wp\/v2\/pages\/521"}],"collection":[{"href":"http:\/\/www.camara-de-tuberias.es\/blog\/wp-json\/wp\/v2\/pages"}],"about":[{"href":"http:\/\/www.camara-de-tuberias.es\/blog\/wp-json\/wp\/v2\/types\/page"}],"author":[{"embeddable":true,"href":"http:\/\/www.camara-de-tuberias.es\/blog\/wp-json\/wp\/v2\/users\/1"}],"replies":[{"embeddable":true,"href":"http:\/\/www.camara-de-tuberias.es\/blog\/wp-json\/wp\/v2\/comments?post=521"}],"version-history":[{"count":23,"href":"http:\/\/www.camara-de-tuberias.es\/blog\/wp-json\/wp\/v2\/pages\/521\/revisions"}],"predecessor-version":[{"id":1026,"href":"http:\/\/www.camara-de-tuberias.es\/blog\/wp-json\/wp\/v2\/pages\/521\/revisions\/1026"}],"wp:featuredmedia":[{"embeddable":true,"href":"http:\/\/www.camara-de-tuberias.es\/blog\/wp-json\/wp\/v2\/media\/539"}],"wp:attachment":[{"href":"http:\/\/www.camara-de-tuberias.es\/blog\/wp-json\/wp\/v2\/media?parent=521"}],"curies":[{"name":"wp","href":"https:\/\/api.w.org\/{rel}","templated":true}]}}