{"id":605,"date":"2016-08-05T11:35:03","date_gmt":"2016-08-05T09:35:03","guid":{"rendered":"http:\/\/www.camara-de-tuberias.es\/blog\/?page_id=605"},"modified":"2016-09-12T13:58:20","modified_gmt":"2016-09-12T11:58:20","slug":"tubicam-r-tt","status":"publish","type":"page","link":"http:\/\/www.camara-de-tuberias.es\/blog\/tubicam-r-tt","title":{"rendered":"TUBICAM R TT"},"content":{"rendered":"<blockquote><p><a href=\"http:\/\/www.camara-de-tuberias.es\/camara-inspeccion-tuberias\/31-camara-inspeccion-tuberias-tubicam-r.html\">TUBICAM R TT<\/a>, es un boroscopio indicado para\u00a0la inspecci\u00f3n de tuber\u00edas comprendidas entre \u00d840 mm y \u00d8200 mm. Tiene un alcance de 40 metros, incorpora un contador de distancia (od\u00f3metro) y opcionalmente puede equiparse de\u00a0cabezal con sonda 512 Hz para su localizaci\u00f3n en tuber\u00edas.<\/p><\/blockquote>\n<p><!--more--><\/p>\n<figure id=\"attachment_197\" aria-describedby=\"caption-attachment-197\" style=\"width: 672px\" class=\"wp-caption aligncenter\"><img loading=\"lazy\" class=\"wp-image-197 size-full\" title=\"C\u00e1mara de inspecci\u00f3n de tuber\u00edas TUBICAM R\" src=\"http:\/\/www.camara-de-tuberias.es\/blog\/wp-content\/uploads\/2016\/04\/camara-inspeccion-tuberias-tubecam-r-tt.png\" alt=\"Nueva TUBICAM R TT - C\u00e1mara para inspecci\u00f3n de tuber\u00edas\" width=\"672\" height=\"372\" srcset=\"http:\/\/www.camara-de-tuberias.es\/blog\/wp-content\/uploads\/2016\/04\/camara-inspeccion-tuberias-tubecam-r-tt.png 672w, http:\/\/www.camara-de-tuberias.es\/blog\/wp-content\/uploads\/2016\/04\/camara-inspeccion-tuberias-tubecam-r-tt-300x166.png 300w\" sizes=\"(max-width: 672px) 100vw, 672px\" \/><figcaption id=\"caption-attachment-197\" class=\"wp-caption-text\">La nueva TUBICAM R TT &#8211; Mejora tecnol\u00f3gica, funcional y de precio<\/figcaption><\/figure>\n<h3><a href=\"http:\/\/www.camara-de-tuberias.es\/blog\/camara-inspeccion-tuberias-resistente\">Resistente<\/a><\/h3>\n<figure id=\"attachment_619\" aria-describedby=\"caption-attachment-619\" style=\"width: 150px\" class=\"wp-caption alignleft\"><img loading=\"lazy\" class=\"wp-image-619 size-thumbnail\" title=\"Maleta PELICASE alta resistencia\" src=\"http:\/\/www.camara-de-tuberias.es\/blog\/wp-content\/uploads\/2016\/08\/camara-inspeccion-tuberias-tubicam-r-1-150x150.jpg\" alt=\"TUBICAM R - Maleta Pelicase\" width=\"150\" height=\"150\" srcset=\"http:\/\/www.camara-de-tuberias.es\/blog\/wp-content\/uploads\/2016\/08\/camara-inspeccion-tuberias-tubicam-r-1-150x150.jpg 150w, http:\/\/www.camara-de-tuberias.es\/blog\/wp-content\/uploads\/2016\/08\/camara-inspeccion-tuberias-tubicam-r-1-300x300.jpg 300w, http:\/\/www.camara-de-tuberias.es\/blog\/wp-content\/uploads\/2016\/08\/camara-inspeccion-tuberias-tubicam-r-1-768x768.jpg 768w, http:\/\/www.camara-de-tuberias.es\/blog\/wp-content\/uploads\/2016\/08\/camara-inspeccion-tuberias-tubicam-r-1.jpg 800w\" sizes=\"(max-width: 150px) 100vw, 150px\" \/><figcaption id=\"caption-attachment-619\" class=\"wp-caption-text\">Maleta PELICASE alta resistencia<\/figcaption><\/figure>\n<p><a href=\"http:\/\/www.agm-tec.com\/\">AGM-TEC<\/a> apuesta por boroscopios\u00a0s\u00f3lidos, capaces de rendir por muchos a\u00f1os de trabajo intenso como el primer d\u00eda, para ello selecciona cuidadosamente el dise\u00f1o y los materiales empleados para resistir las condiciones de trabajo a las que se exponen estos equipos.<\/p>\n<p>TUBICAM R TT sigue la l\u00ednea de sus antecesores en cuanto a calidad de materiales y resistencia para dotarle de una larga vida de uso como el primer d\u00eda.<\/p>\n<hr \/>\n<h3>Ergonom\u00eda y facilidad de uso<\/h3>\n<figure id=\"attachment_621\" aria-describedby=\"caption-attachment-621\" style=\"width: 150px\" class=\"wp-caption alignleft\"><img loading=\"lazy\" class=\"wp-image-621 size-thumbnail\" title=\"TUBICAM Botonera simplificada de funciones\" src=\"http:\/\/www.camara-de-tuberias.es\/blog\/wp-content\/uploads\/2016\/08\/IMG_20160628_202055-150x150.jpg\" alt=\"TUBICAM Botonera simplificada de funciones\" width=\"150\" height=\"150\" \/><figcaption id=\"caption-attachment-621\" class=\"wp-caption-text\">Botonera simplificada de funciones<\/figcaption><\/figure>\n<p>Desarrollamos en base a un uso del boroscopio intuitivo, simple y confortable, para ello nos centramos en dise\u00f1ar cada elemento del equipo para dar el m\u00e1ximo rendimiento de la manera m\u00e1s confortable.<\/p>\n<p>La unidad de control dispone de botones directos para ejecutar las principales funciones del boroscopio, de manera que usted se centre en el trabajo y no en el manejo del equipo.<\/p>\n<figure id=\"attachment_652\" aria-describedby=\"caption-attachment-652\" style=\"width: 150px\" class=\"wp-caption alignright\"><img loading=\"lazy\" class=\"size-thumbnail wp-image-652\" src=\"http:\/\/www.camara-de-tuberias.es\/blog\/wp-content\/uploads\/2016\/08\/TUBICAM-mando-distancia-150x150.jpg\" alt=\"Manod a distancia o control remoto TUBICAM\" width=\"150\" height=\"150\" srcset=\"http:\/\/www.camara-de-tuberias.es\/blog\/wp-content\/uploads\/2016\/08\/TUBICAM-mando-distancia-150x150.jpg 150w, http:\/\/www.camara-de-tuberias.es\/blog\/wp-content\/uploads\/2016\/08\/TUBICAM-mando-distancia.jpg 240w\" sizes=\"(max-width: 150px) 100vw, 150px\" \/><figcaption id=\"caption-attachment-652\" class=\"wp-caption-text\">control remoto<\/figcaption><\/figure>\n<p>Para aportar un mayor grado de independencia y funcionalidad, la unidad de control puede ser gestionada desde un mando a distancia que se incorpora en este equipo boroscopio.<\/p>\n<hr \/>\n<h4><a href=\"http:\/\/www.camara-de-tuberias.es\/accesorios\/20-cabezal-para-camara-gama-tubicam-r-22-mm.html\">Cabezal \u00d822 mm<\/a><\/h4>\n<figure id=\"attachment_608\" aria-describedby=\"caption-attachment-608\" style=\"width: 150px\" class=\"wp-caption alignleft\"><a href=\"http:\/\/www.camara-de-tuberias.es\/accesorios\/20-cabezal-para-camara-gama-tubicam-r-22-mm.html\"><img loading=\"lazy\" class=\"wp-image-608 size-thumbnail\" title=\"cabezal-22-mm para boroscopio gama TUBICAM R\" src=\"http:\/\/www.camara-de-tuberias.es\/blog\/wp-content\/uploads\/2016\/08\/cabezal-22-mm-e1470247958495-150x122.jpg\" alt=\"cabezal-22-mm para boroscopio gama TUBICAM R\" width=\"150\" height=\"122\" \/><\/a><figcaption id=\"caption-attachment-608\" class=\"wp-caption-text\">cabezal-22-mm<\/figcaption><\/figure>\n<p>Cabezal \u00d822 mm fabricado en acero inoxidable y lente cristal zafiro, resistente a la fricci\u00f3n y el impacto en su desplazamiento por los conductos y tuber\u00edas.<\/p>\n<p>Un cabezal de reducidas dimensiones para introducirse por <strong>tuber\u00edas desde \u00d840 mm\u00a0<\/strong>y gran flexibilidad gracias a su\u00a0<strong>muelle reforzado<\/strong>\u00a0que le permite <strong>sortear con facilidad codos de 90\u00ba<\/strong>.<\/p>\n<p>El \u00e1ngulo de visi\u00f3n de este cabezal es de 70\u00ba tanto en visi\u00f3n horizontal como vertical con una resoluci\u00f3n de 0,3 Mpx.<\/p>\n<p>Dispone de 12 ud led luz blanca dispuestos en corona de intensidad regulable con un alcance \u00f3ptimo de iluminaci\u00f3n de 400 mm.<\/p>\n<hr \/>\n<h3><a href=\"http:\/\/www.camara-de-tuberias.es\/accesorios\/28-centrador-gama-tubicam-r-10-cm.html\">Centrador \u00d8100 mm<\/a><\/h3>\n<figure id=\"attachment_632\" aria-describedby=\"caption-attachment-632\" style=\"width: 150px\" class=\"wp-caption alignleft\"><img loading=\"lazy\" class=\"size-thumbnail wp-image-632\" src=\"http:\/\/www.camara-de-tuberias.es\/blog\/wp-content\/uploads\/2016\/08\/centrador-100mmpara-cabezal-22mm-1-150x150.jpg\" alt=\"Centrador \u00d8 100 mm para cabezal \u00d822 mm de la gama TUBICAM\" width=\"150\" height=\"150\" srcset=\"http:\/\/www.camara-de-tuberias.es\/blog\/wp-content\/uploads\/2016\/08\/centrador-100mmpara-cabezal-22mm-1-150x150.jpg 150w, http:\/\/www.camara-de-tuberias.es\/blog\/wp-content\/uploads\/2016\/08\/centrador-100mmpara-cabezal-22mm-1-300x300.jpg 300w, http:\/\/www.camara-de-tuberias.es\/blog\/wp-content\/uploads\/2016\/08\/centrador-100mmpara-cabezal-22mm-1.jpg 450w\" sizes=\"(max-width: 150px) 100vw, 150px\" \/><figcaption id=\"caption-attachment-632\" class=\"wp-caption-text\">Centrador \u00d8 100 mm<\/figcaption><\/figure>\n<p>Este sencillo elemento permite que el cabezal quede correctamente centrado para una buena inspecci\u00f3n y evita que entre en contacto con las paredes del interior de la tuber\u00eda o conducto, lo que facilita el empuje manual y evita que se acumule suciedad en la lente.<\/p>\n<p>&nbsp;<\/p>\n<hr \/>\n<h3>Carrete 40 m con tr\u00edpode y od\u00f3metro incorporado<\/h3>\n<figure id=\"attachment_622\" aria-describedby=\"caption-attachment-622\" style=\"width: 150px\" class=\"wp-caption alignleft\"><img loading=\"lazy\" class=\"size-thumbnail wp-image-622\" src=\"http:\/\/www.camara-de-tuberias.es\/blog\/wp-content\/uploads\/2016\/08\/camara-inspeccion-tuberias-tubicam-r-1-1-150x150.jpg\" alt=\"TUBICAM R TT - Carrete 40 m con tr\u00edpode\" width=\"150\" height=\"150\" srcset=\"http:\/\/www.camara-de-tuberias.es\/blog\/wp-content\/uploads\/2016\/08\/camara-inspeccion-tuberias-tubicam-r-1-1-150x150.jpg 150w, http:\/\/www.camara-de-tuberias.es\/blog\/wp-content\/uploads\/2016\/08\/camara-inspeccion-tuberias-tubicam-r-1-1-300x300.jpg 300w, http:\/\/www.camara-de-tuberias.es\/blog\/wp-content\/uploads\/2016\/08\/camara-inspeccion-tuberias-tubicam-r-1-1-768x768.jpg 768w, http:\/\/www.camara-de-tuberias.es\/blog\/wp-content\/uploads\/2016\/08\/camara-inspeccion-tuberias-tubicam-r-1-1.jpg 800w\" sizes=\"(max-width: 150px) 100vw, 150px\" \/><figcaption id=\"caption-attachment-622\" class=\"wp-caption-text\">Carrete 40 m con tr\u00edpode<\/figcaption><\/figure>\n<p>Construido con material de alta resistencia, permite <strong>alcanzar 40 metros<\/strong>\u00a0de inspecci\u00f3n y adaptarse a los cambios de direcci\u00f3n y codos del mismo.<\/p>\n<p>El tr\u00edpode es un elemento que permite apoyar el carrete y poder trabajar\u00a0con m\u00e1s libertad, dejando libre las manos del operario.<\/p>\n<p>Este carrete lleva incorporado un contador de longitud en metros o pies que le mostrar\u00e1 en el monitor la distancia recorrida.<\/p>\n<hr \/>\n<h4><a href=\"http:\/\/www.camara-de-tuberias.es\/inicio\/34-monitor-lcd-7-pulgadas-tubicam-r.html\">Monitor 7&#8242;<\/a><\/h4>\n<p><img loading=\"lazy\" class=\"size-thumbnail wp-image-531 alignleft\" src=\"http:\/\/www.camara-de-tuberias.es\/blog\/wp-content\/uploads\/2016\/07\/IMG_20160628_200424-1-150x150.jpg\" alt=\"TUBICAM - Tapa malet\u00edn con monitor y botonera\" width=\"150\" height=\"150\" \/>TUBICAM R TT se suministra con un monitor LCD color de 640&#215;480 px de resoluci\u00f3n. Dispone de una intuitiva interfaz traducida al castellano desde la que se realiza la configuraci\u00f3n del equipo y se activan las funciones disponibles para el trabajo de inspecci\u00f3n.<\/p>\n<hr \/>\n<h4><a href=\"http:\/\/www.camara-de-tuberias.es\/accesorios\/21-bateria-litio-12v-gama-tubicam.html\">Bater\u00eda recargable Litio 12 V<\/a><\/h4>\n<figure id=\"attachment_628\" aria-describedby=\"caption-attachment-628\" style=\"width: 150px\" class=\"wp-caption alignleft\"><img loading=\"lazy\" class=\"size-thumbnail wp-image-628\" src=\"http:\/\/www.camara-de-tuberias.es\/blog\/wp-content\/uploads\/2016\/08\/bateria-litio-12v-gama-tubicam-150x150.jpg\" alt=\"Bater\u00eda Litio 12 V gama TUBICAM\" width=\"150\" height=\"150\" srcset=\"http:\/\/www.camara-de-tuberias.es\/blog\/wp-content\/uploads\/2016\/08\/bateria-litio-12v-gama-tubicam-150x150.jpg 150w, http:\/\/www.camara-de-tuberias.es\/blog\/wp-content\/uploads\/2016\/08\/bateria-litio-12v-gama-tubicam-300x300.jpg 300w, http:\/\/www.camara-de-tuberias.es\/blog\/wp-content\/uploads\/2016\/08\/bateria-litio-12v-gama-tubicam-768x768.jpg 768w, http:\/\/www.camara-de-tuberias.es\/blog\/wp-content\/uploads\/2016\/08\/bateria-litio-12v-gama-tubicam.jpg 800w\" sizes=\"(max-width: 150px) 100vw, 150px\" \/><figcaption id=\"caption-attachment-628\" class=\"wp-caption-text\">Bater\u00eda Litio 12 V<\/figcaption><\/figure>\n<p>TUBICAM R TT dispone de un transformador para alimentar el equipo directamente desde la red de 110 V AC~220 V AC, pero sabemos que la movilidad es indispensable, para ello dotamos \u00a0este boroscopio con una bater\u00eda recargable de Litio-Ion de 12 V \u00a0y su correspondiente cargador, capaz de aportar una autonom\u00eda de uso de hasta 4 horas ininterrumpidas de trabajo.<\/p>\n<figure id=\"attachment_495\" aria-describedby=\"caption-attachment-495\" style=\"width: 300px\" class=\"wp-caption aligncenter\"><img loading=\"lazy\" class=\"wp-image-495 size-medium\" src=\"http:\/\/www.camara-de-tuberias.es\/blog\/wp-content\/uploads\/2016\/07\/tubicam-r-tt-camara-inspeccion-tuberias-300x300.jpg\" alt=\"TUBICAM R TT c\u00e1mara para inspecci\u00f3n de tuber\u00edas y conductos\" width=\"300\" height=\"300\" srcset=\"http:\/\/www.camara-de-tuberias.es\/blog\/wp-content\/uploads\/2016\/07\/tubicam-r-tt-camara-inspeccion-tuberias-300x300.jpg 300w, http:\/\/www.camara-de-tuberias.es\/blog\/wp-content\/uploads\/2016\/07\/tubicam-r-tt-camara-inspeccion-tuberias-150x150.jpg 150w, http:\/\/www.camara-de-tuberias.es\/blog\/wp-content\/uploads\/2016\/07\/tubicam-r-tt-camara-inspeccion-tuberias-768x768.jpg 768w, http:\/\/www.camara-de-tuberias.es\/blog\/wp-content\/uploads\/2016\/07\/tubicam-r-tt-camara-inspeccion-tuberias.jpg 800w\" sizes=\"(max-width: 300px) 100vw, 300px\" \/><figcaption id=\"caption-attachment-495\" class=\"wp-caption-text\">TUBICAM R TT<\/figcaption><\/figure>\n<h3>TUBICAM R TT &#8211; Ficha de producto<\/h3>\n<h4>Equipamiento<\/h4>\n<table style=\"height: 270px;\" width=\"474\">\n<tbody>\n<tr>\n<th><\/th>\n<th>Serie<\/th>\n<th>opcional<\/th>\n<\/tr>\n<tr>\n<td><strong>Cable<\/strong><\/td>\n<td>30 metros<\/td>\n<td>40 metros<\/td>\n<\/tr>\n<tr class=\"even\">\n<td><strong>Cabezal \u00d826 mm<\/strong><\/td>\n<td>1 Ud.<\/td>\n<td>Sonda 512 Hz<\/td>\n<\/tr>\n<tr>\n<td><strong>Monitor LCD color<\/strong><\/td>\n<td>7 pulgadas<\/td>\n<td>10 pulgadas<\/td>\n<\/tr>\n<tr>\n<td><strong>Centrador 100 mm<\/strong><\/td>\n<td>1 Ud.<\/td>\n<td>&#8211;<\/td>\n<\/tr>\n<tr>\n<td><strong>Bater\u00eda Litio 12 V<\/strong><\/td>\n<td>1 Ud.<\/td>\n<td>&#8211;<\/td>\n<\/tr>\n<tr>\n<td><strong>Cargador de bater\u00eda<\/strong><\/td>\n<td>1 Ud.<\/td>\n<td>&#8211;<\/td>\n<\/tr>\n<tr>\n<td><b>Alimentaci\u00f3n red el\u00e9ctrica<\/b><\/td>\n<td>1 Ud.<\/td>\n<td>&#8211;<\/td>\n<\/tr>\n<tr>\n<td><strong>Cable conector a c\u00e1mara<\/strong><\/td>\n<td>1 Ud.<\/td>\n<td>&#8211;<\/td>\n<\/tr>\n<\/tbody>\n<\/table>\n<h4>Funciones<\/h4>\n<table style=\"height: 121px;\" width=\"317\">\n<tbody>\n<tr>\n<td><strong>Grabaci\u00f3n de v\u00eddeo<\/strong><\/td>\n<td>AVI\/MP4<\/td>\n<\/tr>\n<tr class=\"even\">\n<td><b>Captura de fotograf\u00edas<\/b><\/td>\n<td>1 Ud.<\/td>\n<\/tr>\n<tr>\n<td><strong>Micr\u00f3fono Integrado<\/strong><\/td>\n<td>On \/ Off<\/td>\n<\/tr>\n<tr>\n<td><strong>Puerto USB<\/strong><\/td>\n<td>1 Ud.<\/td>\n<\/tr>\n<tr>\n<td><b>Ranura tarjeta MicroSD<\/b><\/td>\n<td>1 Ud.<\/td>\n<\/tr>\n<tr>\n<td><strong>Interfaz varios idiomas (castellano)<\/strong><\/td>\n<td>Si<\/td>\n<\/tr>\n<tr>\n<td><b>Parasol monitor anti reflejos<\/b><\/td>\n<td>Si<\/td>\n<\/tr>\n<tr>\n<td><strong>Control intensidad iluminaci\u00f3n<\/strong><\/td>\n<td>Si<\/td>\n<\/tr>\n<\/tbody>\n<\/table>\n<div>\n<p><img loading=\"lazy\" class=\"aligncenter wp-image-475 size-large\" src=\"http:\/\/www.camara-de-tuberias.es\/blog\/wp-content\/uploads\/2016\/06\/TUBICAM-R-cabezal-de-boroscopio-1024x568.png\" alt=\"TUBICAM R cabezal de boroscopio\" width=\"474\" height=\"263\" srcset=\"http:\/\/www.camara-de-tuberias.es\/blog\/wp-content\/uploads\/2016\/06\/TUBICAM-R-cabezal-de-boroscopio-1024x568.png 1024w, http:\/\/www.camara-de-tuberias.es\/blog\/wp-content\/uploads\/2016\/06\/TUBICAM-R-cabezal-de-boroscopio-300x166.png 300w, http:\/\/www.camara-de-tuberias.es\/blog\/wp-content\/uploads\/2016\/06\/TUBICAM-R-cabezal-de-boroscopio-768x426.png 768w, http:\/\/www.camara-de-tuberias.es\/blog\/wp-content\/uploads\/2016\/06\/TUBICAM-R-cabezal-de-boroscopio-672x372.png 672w, http:\/\/www.camara-de-tuberias.es\/blog\/wp-content\/uploads\/2016\/06\/TUBICAM-R-cabezal-de-boroscopio.png 1038w\" sizes=\"(max-width: 474px) 100vw, 474px\" \/><\/p>\n<h4>ACCESORIOS<\/h4>\n<h5><a href=\"http:\/\/www.camara-de-tuberias.es\/accesorios\/22-cabezal-22-mm-con-sonda-512-hz.html\">Cabezal \u00d822 mm con sonda 512 Hz<\/a><\/h5>\n<figure id=\"attachment_609\" aria-describedby=\"caption-attachment-609\" style=\"width: 150px\" class=\"wp-caption alignleft\"><img loading=\"lazy\" class=\"size-thumbnail wp-image-609\" src=\"http:\/\/www.camara-de-tuberias.es\/blog\/wp-content\/uploads\/2016\/08\/cabezal-22-mm-con-sonda-512-hz-150x150.jpg\" alt=\"Cabezal \u00d822 mm con sonda 512 Hz TUBICAM\" width=\"150\" height=\"150\" \/><figcaption id=\"caption-attachment-609\" class=\"wp-caption-text\">Cabezal \u00d822 mm con sonda 512 Hz<\/figcaption><\/figure>\n<p>Al cabezal est\u00e1ndar se le incorpora una sonda de localizaci\u00f3n por radio frecuencia de 512 Hz, esto posibilita que una vez dentro del conducto, ducto o tuber\u00eda, pueda ser detectada por un instrumento\u00a0localizador (no incluido) para determinar con exactitud la posici\u00f3n y la profundidad del cabezal.<\/p>\n<p>&nbsp;<\/p>\n<hr \/>\n<h5><a href=\"http:\/\/www.camara-de-tuberias.es\/camara-inspeccion-tuberias\/31-camara-inspeccion-tuberias-tubicam-r.html\">Monitor color 10&#8242;<\/a><\/h5>\n<p>Usted puede pedir su equipo nuevo con un monitor de mayor tama\u00f1o al del equipo estandar.<\/p>\n<hr \/>\n<h5><a href=\"http:\/\/www.camara-de-tuberias.es\/inicio\/36-cabezal-autonivelante-para-gama-tubicam-r-29-mm.html\">Cabezal \u00d829 mm autonivelante<\/a><\/h5>\n<figure id=\"attachment_649\" aria-describedby=\"caption-attachment-649\" style=\"width: 150px\" class=\"wp-caption alignleft\"><img loading=\"lazy\" class=\"size-thumbnail wp-image-649\" src=\"http:\/\/www.camara-de-tuberias.es\/blog\/wp-content\/uploads\/2016\/08\/cabezal-autonivelante-para-gama-tubicam-r-29-mm-150x150.jpg\" alt=\"Cabezal \u00d829 mm autonivelante TUBICAM\" width=\"150\" height=\"150\" srcset=\"http:\/\/www.camara-de-tuberias.es\/blog\/wp-content\/uploads\/2016\/08\/cabezal-autonivelante-para-gama-tubicam-r-29-mm-150x150.jpg 150w, http:\/\/www.camara-de-tuberias.es\/blog\/wp-content\/uploads\/2016\/08\/cabezal-autonivelante-para-gama-tubicam-r-29-mm-300x300.jpg 300w, http:\/\/www.camara-de-tuberias.es\/blog\/wp-content\/uploads\/2016\/08\/cabezal-autonivelante-para-gama-tubicam-r-29-mm.jpg 458w\" sizes=\"(max-width: 150px) 100vw, 150px\" \/><figcaption id=\"caption-attachment-649\" class=\"wp-caption-text\">Cabezal \u00d829 mm autonivelante<\/figcaption><\/figure>\n<p>Este cabezal tiene un sistema para que la posici\u00f3n de la c\u00e1mara permanezca siempre en posici\u00f3n horizontal, esto evita que se tenga que recurrir al modo reflejo de la imagen con el que viene dotado la unidad de control de la TUBICAM R TT.<\/p>\n<p><em><strong>Tambi\u00e9n disponible con sonda de 512 Hz<\/strong><\/em><\/p>\n<p><em>Nota: Debido a que este cabezal tiene una resoluci\u00f3n de imagen superior, s\u00f3lo es compatible con\u00a0equipos TUBICAM R TT con monitor de 10&#8242;<\/em><\/p>\n<h4>Aplicaciones<\/h4>\n<p><em>Aire acondicionado &#8211;\u00a0Aplicaciones Hidrol\u00f3gicas &#8211;\u00a0Desatascos &#8211;\u00a0Desatrancos &#8211;\u00a0Fontaner\u00eda &#8211;\u00a0Lampister\u00eda &#8211;\u00a0Infraestructuras &#8211; Limpieza y mantenimiento de redes sanitarias &#8211; Alcantarillas &#8211; Cloacas &#8211; Inspecciones el\u00e9ctricas &#8211;\u00a0Localizaci\u00f3n de tuber\u00edas &#8211;\u00a0Mantenimientos &#8211;\u00a0Pocer\u00eda &#8211;\u00a0Redes de saneamiento &#8211; Control de plagas &#8211; Patolog\u00eda de Edificios &#8211; Inspecciones t\u00e9cnicas en edificios (ITE)<\/em><\/p>\n<div><button><span style=\"color: #ffffff;\"><a style=\"color: #ffffff;\" href=\"http:\/\/www.camara-de-tuberias.es\/camara-inspeccion-tuberias\/31-camara-inspeccion-tuberias-tubicam-r.html\">Ver en Tienda<\/a><\/span><\/button><\/div>\n<\/div>\n","protected":false},"excerpt":{"rendered":"<p>TUBICAM R TT, es un boroscopio indicado para\u00a0la inspecci\u00f3n de tuber\u00edas comprendidas entre \u00d840 mm y \u00d8200 mm. Tiene un alcance de 40 metros, incorpora un contador de distancia (od\u00f3metro) y opcionalmente puede equiparse de\u00a0cabezal con sonda 512 Hz para su localizaci\u00f3n en tuber\u00edas.<\/p>\n","protected":false},"author":1,"featured_media":657,"parent":0,"menu_order":0,"comment_status":"closed","ping_status":"closed","template":"page-templates\/full-width.php","meta":{"sfsi_plus_gutenberg_text_before_share":"","sfsi_plus_gutenberg_show_text_before_share":"","sfsi_plus_gutenberg_icon_type":"","sfsi_plus_gutenberg_icon_alignemt":"","sfsi_plus_gutenburg_max_per_row":"","_mi_skip_tracking":false},"aioseo_notices":[],"_links":{"self":[{"href":"http:\/\/www.camara-de-tuberias.es\/blog\/wp-json\/wp\/v2\/pages\/605"}],"collection":[{"href":"http:\/\/www.camara-de-tuberias.es\/blog\/wp-json\/wp\/v2\/pages"}],"about":[{"href":"http:\/\/www.camara-de-tuberias.es\/blog\/wp-json\/wp\/v2\/types\/page"}],"author":[{"embeddable":true,"href":"http:\/\/www.camara-de-tuberias.es\/blog\/wp-json\/wp\/v2\/users\/1"}],"replies":[{"embeddable":true,"href":"http:\/\/www.camara-de-tuberias.es\/blog\/wp-json\/wp\/v2\/comments?post=605"}],"version-history":[{"count":41,"href":"http:\/\/www.camara-de-tuberias.es\/blog\/wp-json\/wp\/v2\/pages\/605\/revisions"}],"predecessor-version":[{"id":791,"href":"http:\/\/www.camara-de-tuberias.es\/blog\/wp-json\/wp\/v2\/pages\/605\/revisions\/791"}],"wp:featuredmedia":[{"embeddable":true,"href":"http:\/\/www.camara-de-tuberias.es\/blog\/wp-json\/wp\/v2\/media\/657"}],"wp:attachment":[{"href":"http:\/\/www.camara-de-tuberias.es\/blog\/wp-json\/wp\/v2\/media?parent=605"}],"curies":[{"name":"wp","href":"https:\/\/api.w.org\/{rel}","templated":true}]}}