{"id":89,"date":"2016-03-16T03:13:14","date_gmt":"2016-03-16T09:13:14","guid":{"rendered":"http:\/\/provisional.camara-de-tuberias.es\/blog\/?page_id=89"},"modified":"2024-03-16T05:56:22","modified_gmt":"2024-03-16T04:56:22","slug":"clientes-agm-tec","status":"publish","type":"page","link":"http:\/\/www.camara-de-tuberias.es\/blog\/","title":{"rendered":"Clientes AGM TEC"},"content":{"rendered":"<p>Los\u00a0clientes de AGM TEC son los que han posicionado \u00a0con su confianza las soluciones que ofrecemos y nuestra marca como referente especialista del mercado de la visi\u00f3n industrial.<\/p>\n<h2><\/h2>\n<h2>Clientes AGM TEC<\/h2>\n<figure id=\"attachment_250\" aria-describedby=\"caption-attachment-250\" style=\"width: 300px\" class=\"wp-caption aligncenter\"><img loading=\"lazy\" class=\"size-medium wp-image-250\" src=\"http:\/\/www.camara-de-tuberias.es\/blog\/wp-content\/uploads\/2016\/05\/AGM-TEC_logo-300x300.jpg\" alt=\"AGM TEC C\u00e1maras para inspecci\u00f3n de tuber\u00edas y v\u00eddeo endoscopio grabador\" width=\"300\" height=\"300\" srcset=\"http:\/\/www.camara-de-tuberias.es\/blog\/wp-content\/uploads\/2016\/05\/AGM-TEC_logo-300x300.jpg 300w, http:\/\/www.camara-de-tuberias.es\/blog\/wp-content\/uploads\/2016\/05\/AGM-TEC_logo-150x150.jpg 150w, http:\/\/www.camara-de-tuberias.es\/blog\/wp-content\/uploads\/2016\/05\/AGM-TEC_logo-768x768.jpg 768w, http:\/\/www.camara-de-tuberias.es\/blog\/wp-content\/uploads\/2016\/05\/AGM-TEC_logo.jpg 900w\" sizes=\"(max-width: 300px) 100vw, 300px\" \/><figcaption id=\"caption-attachment-250\" class=\"wp-caption-text\">AGM TEC C\u00e1maras para inspecci\u00f3n de tuber\u00edas y v\u00eddeo endoscopio grabador<\/figcaption><\/figure>\n<h3>Nuestra meta<\/h3>\n<p>Nuestra meta en AGM TEC es suministrar sistemas de <strong>v\u00eddeo inspecci\u00f3n<\/strong> robustos y asequibles para realizar un control<strong>\u00a0de tuber\u00edas<\/strong> y conductos.<\/p>\n<p>Nuestros dispositivos preservan\u00a0el estado optimo de las tuber\u00edas y conductos, consiguiendo al mismo tiempo mejorar la productividad de nuestros clientes profesionales que prestan <strong>servicio de inspecci\u00f3n<\/strong>\u00a0mantenimiento, desatascos o reparaci\u00f3n a sus clientes.<\/p>\n<h3>Nuestro compromiso<\/h3>\n<ul>\n<li>Contribuir activamente al desarrollo y la mayor difusi\u00f3n de nuevas tecnolog\u00edas para la industria, mediante la investigaci\u00f3n para la\u00a0mejora funcional y de uso de nuestras soluciones.<\/li>\n<li>Ofrecer un servicio de calidad en la preventa y\u00a0en la postventa mediante una red de expertos asesores que personalmente atiende a nuestros clientes.<\/li>\n<li>Dar respuesta inmediata a los problemas y necesidades de nuestros clientes, disponiendo de stock permamente de todos nuestros art\u00edculos, accesorios y recambios.<\/li>\n<li>Garantizar el acceso de nuestras soluciones tecnol\u00f3gicas al mayor n\u00famero de personas posibles, con una pol\u00edtica de precios reducida y una red de distribuci\u00f3n de alcance global.<\/li>\n<\/ul>\n<div class=\"table-responsive\">\n<h2><\/h2>\n<table class=\"table\" style=\"height: 935px;\" width=\"474\">\n<tbody>\n<tr>\n<td><a href=\"https:\/\/www.bayer.fr\/\"><img loading=\"lazy\" class=\"alignnone\" title=\"Clientes AGM TEC: BAYER\" src=\"http:\/\/www.camaras-inspeccion.com\/logos\/bayerlogo.jpg\" alt=\"BAYER\" width=\"100\" height=\"100\" \/><\/a><\/td>\n<td><a href=\"http:\/\/www.mapama.gob.es\/es\/\"><img loading=\"lazy\" class=\"alignnone\" title=\"Clientes AGM TEC: GOBIERNO DE ESPA\u00d1A: MINISTERIO DE AGRICULTURA ALIMENTACI\u00d3N Y MEDIO AMBIENTE\" src=\"http:\/\/www.camaras-inspeccion.com\/logos\/minsterio.jpg\" alt=\"GOBIERNO DE ESPA\u00d1A: MINISTERIO DE AGRICULTURA ALIMENTACI\u00d3N Y MEDIO AMBIENTE\" width=\"100\" height=\"66\" \/><\/a><\/td>\n<td><img loading=\"lazy\" class=\"alignnone\" title=\"Clientes AGM TEC: RENAULT\" src=\"http:\/\/www.camaras-inspeccion.com\/logos\/renault.jpg\" alt=\"RENAULT\" width=\"100\" height=\"71\" \/><\/td>\n<td><a href=\"https:\/\/www.facebook.com\/obrasmoderadaslda.om\/\"><img loading=\"lazy\" class=\"alignnone\" title=\"Clientes AGM TEC: OBRAS MODERADAS\" src=\"http:\/\/www.camaras-inspeccion.com\/logos\/obrasmoderadas.jpg\" alt=\"OBRAS MODERADAS\" width=\"100\" height=\"147\" \/><\/a><\/td>\n<\/tr>\n<tr>\n<td><a href=\"http:\/\/www.aena.es\/es\/pasajeros\/pasajeros.html\"><img loading=\"lazy\" class=\"alignnone\" title=\"Clientes AGM TEC: AENA\" src=\"http:\/\/www.camaras-inspeccion.com\/logos\/aena.jpg\" alt=\"AENA\" width=\"100\" height=\"100\" \/><\/a><\/td>\n<td><a href=\"http:\/\/www.cyii.es\/index.html\"><img loading=\"lazy\" class=\"alignnone\" title=\"Clientes AGM TEC: Clientes AGM TEC: canal isabel II\" src=\"http:\/\/www.camaras-inspeccion.com\/logos\/canal.jpg\" alt=\"canal isabel II\" width=\"100\" height=\"33\" \/><\/a><\/td>\n<td><a href=\"http:\/\/www.hypred.com\/es.html\"><img loading=\"lazy\" class=\"alignnone\" title=\"Clientes AGM TEC: Hypred\" src=\"http:\/\/www.camaras-inspeccion.com\/logos\/hypred.jpg\" alt=\"Hypred\" width=\"100\" height=\"38\" \/><\/a><\/td>\n<td><a href=\"http:\/\/www.samsung.com\/fr\/home\/\" target=\"_blank\" rel=\"noopener\"><img loading=\"lazy\" class=\"alignnone\" title=\"Clientes AGM TEC: samsung\" src=\"http:\/\/www.camaras-inspeccion.com\/logos\/samsung.png\" alt=\"samsung\" width=\"100\" height=\"34\" \/><\/a><\/td>\n<\/tr>\n<tr>\n<td><img loading=\"lazy\" class=\"alignnone\" title=\"Clientes AGM TEC: Tetra Pak\" src=\"http:\/\/www.camaras-inspeccion.com\/logos\/tetra-pak.jpg\" alt=\"Tetra Pak\" width=\"100\" height=\"100\" \/><\/td>\n<td><img loading=\"lazy\" class=\"alignnone\" title=\"Clientes AGM TEC: seat\" src=\"http:\/\/www.camaras-inspeccion.com\/logos\/seat.jpg\" alt=\"seat\" width=\"100\" height=\"18\" \/><\/td>\n<td><img loading=\"lazy\" class=\"alignnone\" title=\"Clientes AGM TEC: grupo mahou\" src=\"http:\/\/www.camaras-inspeccion.com\/logos\/mahou.jpg\" alt=\"grupo mahou\" width=\"100\" height=\"27\" \/><\/td>\n<td><img loading=\"lazy\" class=\"alignnone\" title=\"Clientes AGM TEC: Museo Centro de Arte Reina Sof\u00eda\" src=\"http:\/\/www.camaras-inspeccion.com\/logos\/reina-sofia.jpg\" alt=\"Museo Centro de Arte Reina Sof\u00eda\" width=\"100\" height=\"50\" \/><\/td>\n<\/tr>\n<tr>\n<td><a href=\"http:\/\/www.defense.gouv.fr\/marine\" target=\"_blank\" rel=\"noopener\"><img loading=\"lazy\" class=\"alignnone\" title=\"Clientes AGM TEC: marine nationale\" src=\"http:\/\/www.camaras-inspeccion.com\/logos\/3.png\" alt=\"marine nationale\" width=\"100\" height=\"128\" \/><\/a><\/td>\n<td><img loading=\"lazy\" class=\"alignnone\" title=\"Clientes AGM TEC: hipred\" src=\"http:\/\/www.camaras-inspeccion.com\/logos\/4.png\" alt=\"hipred\" width=\"100\" height=\"40\" \/><\/td>\n<td><img loading=\"lazy\" class=\"alignnone\" title=\"Clientes AGM TEC: Rhodia\" src=\"http:\/\/www.camaras-inspeccion.com\/logos\/5.png\" alt=\"Rhodia\" width=\"100\" height=\"38\" \/><\/td>\n<td><a href=\"http:\/\/www.spie.com\/fr\" target=\"_blank\" rel=\"noopener\"><img loading=\"lazy\" class=\"alignnone\" title=\"Clientes AGM TEC: spie\" src=\"http:\/\/www.camaras-inspeccion.com\/logos\/6.png\" alt=\"spie\" width=\"100\" height=\"47\" \/><\/a><\/td>\n<\/tr>\n<tr>\n<td><img loading=\"lazy\" class=\"alignnone\" title=\"Clientes AGM TEC: logo partenaire\" src=\"http:\/\/www.camaras-inspeccion.com\/logos\/7.png\" alt=\"logo partenaire\" width=\"100\" height=\"59\" \/><\/td>\n<td><img loading=\"lazy\" class=\"alignnone\" title=\"Clientes AGM TEC: gls\" src=\"http:\/\/www.camaras-inspeccion.com\/logos\/8.png\" alt=\"gls\" width=\"100\" height=\"68\" \/><\/td>\n<td><img loading=\"lazy\" class=\"alignnone\" title=\"Clientes AGM TEC: logo\" src=\"http:\/\/www.camaras-inspeccion.com\/logos\/9.png\" alt=\"logo\" width=\"100\" height=\"128\" \/><\/td>\n<td><img loading=\"lazy\" class=\"alignnone\" title=\"Clientes AGM TEC: bouygues\" src=\"http:\/\/www.camaras-inspeccion.com\/logos\/10.png\" alt=\"bouygues\" width=\"100\" height=\"66\" \/><\/td>\n<\/tr>\n<tr>\n<td><img loading=\"lazy\" class=\"alignnone\" title=\"Clientes AGM TEC: extand\" src=\"http:\/\/www.camaras-inspeccion.com\/logos\/11.png\" alt=\"extand\" width=\"100\" height=\"71\" \/><\/td>\n<td><img loading=\"lazy\" class=\"alignnone\" title=\"Clientes AGM TEC: Gobierno de Espa\u00f1a: Guardia Civil\" src=\"http:\/\/www.camaras-inspeccion.com\/logos\/12.png\" alt=\"Gobierno de Espa\u00f1a: Guardia Civil\" width=\"100\" height=\"128\" \/><\/td>\n<td><img loading=\"lazy\" class=\"alignnone\" title=\"Clientes AGM TEC: Geofor\" src=\"http:\/\/www.camaras-inspeccion.com\/logos\/13.png\" alt=\"Geofor\" width=\"100\" height=\"97\" \/><\/td>\n<td style=\"text-align: center;\"><img loading=\"lazy\" class=\"alignnone\" title=\"Clientes AGM TEC: VNF\" src=\"http:\/\/www.camaras-inspeccion.com\/logos\/15.png\" alt=\"VNF\" width=\"100\" height=\"75\" \/><\/td>\n<\/tr>\n<tr>\n<td><img loading=\"lazy\" class=\"alignnone\" title=\"Clientes AGM TEC: ROV\" src=\"http:\/\/www.camaras-inspeccion.com\/logos\/17.png\" alt=\"ROV\" width=\"100\" height=\"93\" \/><\/td>\n<td><img loading=\"lazy\" class=\"alignnone\" title=\"Clientes AGM TEC: SECURITAS\" src=\"http:\/\/www.camaras-inspeccion.com\/logos\/19.png\" alt=\"SECURITAS\" width=\"100\" height=\"55\" \/><\/td>\n<td><span style=\"font-size: 11px; line-height: 1.5em;\">\u00a0<img loading=\"lazy\" class=\"alignnone\" title=\"Clientes AGM TEC: RATP\" src=\"http:\/\/www.camaras-inspeccion.com\/img\/cms\/1.png\" alt=\"RATP\" width=\"100\" height=\"92\" \/><\/span><\/td>\n<td>\u00a0<img loading=\"lazy\" class=\"alignnone\" title=\"Clientes AGM TEC: KELLOGS\" src=\"http:\/\/www.camaras-inspeccion.com\/img\/cms\/3.png\" alt=\"KELLOGS\" width=\"100\" height=\"92\" \/><\/td>\n<\/tr>\n<\/tbody>\n<\/table>\n<p>Agradecemos a todos nuestros clientes la confianza que nos prestan, gracias a ellos seguimos\u00a0trabajando en la constante investigaci\u00f3n de nuevas soluciones tecnol\u00f3gicas y en la mejora de nuestros productos, as\u00ed como esforzarnos a diario en prestar un servicio de calidad.<\/p>\n<h2>Los productos de AGM-TEC<\/h2>\n<figure id=\"attachment_1630\" aria-describedby=\"caption-attachment-1630\" style=\"width: 300px\" class=\"wp-caption alignnone\"><img loading=\"lazy\" class=\"size-medium wp-image-1630\" src=\"http:\/\/www.camara-de-tuberias.es\/blog\/wp-content\/uploads\/2024\/03\/Camara-de-inspeccion-de-tuberias-300x107.jpg\" alt=\"C\u00e1mara de inspecci\u00f3n de tuber\u00edas\" width=\"300\" height=\"107\" srcset=\"http:\/\/www.camara-de-tuberias.es\/blog\/wp-content\/uploads\/2024\/03\/Camara-de-inspeccion-de-tuberias-300x107.jpg 300w, http:\/\/www.camara-de-tuberias.es\/blog\/wp-content\/uploads\/2024\/03\/Camara-de-inspeccion-de-tuberias-768x273.jpg 768w, http:\/\/www.camara-de-tuberias.es\/blog\/wp-content\/uploads\/2024\/03\/Camara-de-inspeccion-de-tuberias.jpg 1000w\" sizes=\"(max-width: 300px) 100vw, 300px\" \/><figcaption id=\"caption-attachment-1630\" class=\"wp-caption-text\">C\u00e1mara de inspecci\u00f3n de tuber\u00edas<\/figcaption><\/figure>\n<p>Actualmente, el dise\u00f1o de productos se viene centrando en dos tipos de soluciones; el boroscopio de corto alcance y el boroscopio de largo alcance.<\/p>\n<h3><strong>El boroscopio de corto alcance<\/strong><\/h3>\n<figure id=\"attachment_241\" aria-describedby=\"caption-attachment-241\" style=\"width: 150px\" class=\"wp-caption alignleft\"><img loading=\"lazy\" class=\"wp-image-241 size-thumbnail\" src=\"http:\/\/www.camara-de-tuberias.es\/blog\/wp-content\/uploads\/2016\/05\/endoscam-r-trio-diferentes-sondas-flexibles-150x150.jpg\" alt=\"Diferentes longitudes de sonda\" width=\"150\" height=\"150\" srcset=\"http:\/\/www.camara-de-tuberias.es\/blog\/wp-content\/uploads\/2016\/05\/endoscam-r-trio-diferentes-sondas-flexibles-150x150.jpg 150w, http:\/\/www.camara-de-tuberias.es\/blog\/wp-content\/uploads\/2016\/05\/endoscam-r-trio-diferentes-sondas-flexibles.jpg 200w\" sizes=\"(max-width: 150px) 100vw, 150px\" \/><figcaption id=\"caption-attachment-241\" class=\"wp-caption-text\">Diferentes longitudes de sonda<\/figcaption><\/figure>\n<p>Se caracteriza por ser un dispositivo port\u00e1til de reducidas dimensiones, que cuenta con una sonda que no supera los cinco metros de longitud. Su aplicaci\u00f3n se determina por el di\u00e1metro de la micro c\u00e1mara pues es esto lo que permite su uso en huecos o ranuras de diferentes tama\u00f1os.<\/p>\n<p>Este tipo de boroscopio tiene muchos\u00a0\u00e1mbitos de aplicaci\u00f3n, como inspecci\u00f3n de m\u00e1quinas, instalaciones industriales, barcos, f\u00e1bricas, exploraci\u00f3n de conductos, aparatos de aire acondicionado, todo tipo de talleres de mec\u00e1nica, soldadura o en seguridad y protecci\u00f3n civil, control de calidad, ingenier\u00edas, laboratorios o investigaci\u00f3n.<\/p>\n<h3><strong>El boroscopio de largo alcance<\/strong><\/h3>\n<figure id=\"attachment_295\" aria-describedby=\"caption-attachment-295\" style=\"width: 300px\" class=\"wp-caption alignright\"><img loading=\"lazy\" class=\"wp-image-295 size-medium\" src=\"http:\/\/www.camara-de-tuberias.es\/blog\/wp-content\/uploads\/2016\/05\/TUBICAM-XL-camara-poceria-300x199.png\" alt=\"TUBICAM XL - C\u00e1mara Inspecci\u00f3n para Pocer\u00eda\" width=\"300\" height=\"199\" srcset=\"http:\/\/www.camara-de-tuberias.es\/blog\/wp-content\/uploads\/2016\/05\/TUBICAM-XL-camara-poceria-300x199.png 300w, http:\/\/www.camara-de-tuberias.es\/blog\/wp-content\/uploads\/2016\/05\/TUBICAM-XL-camara-poceria.png 474w\" sizes=\"(max-width: 300px) 100vw, 300px\" \/><figcaption id=\"caption-attachment-295\" class=\"wp-caption-text\">TUBICAM XL &#8211; C\u00e1mara Inspecci\u00f3n para Pocer\u00eda<\/figcaption><\/figure>\n<p>Es un equipo de mayores dimensiones. AGM-TEC ha adquirido un nivel muy alto de especializaci\u00f3n en el desarrollo de c\u00e1maras para inspecci\u00f3n de tuber\u00edas por empuje.<\/p>\n<p>El boroscopio de largo alcance requieren unas caracter\u00edsticas t\u00e9cnicas para poder adaptarse a los recorridos de los conductos y tuber\u00edas, donde adem\u00e1s es habitual la presencia de agua, polvo y suciedades.<\/p>\n<p>Las c\u00e1maras para inspecci\u00f3n de tuber\u00edas por empuje o c\u00e1maras de empuje son f\u00e1ciles de usar y tienen una alta autonom\u00eda al utilizar componentes electr\u00f3nicos de bajo consumo, como los sensores CMOS o la iluminaci\u00f3n LED<\/p>\n<\/div>\n","protected":false},"excerpt":{"rendered":"<p>Los\u00a0clientes de AGM TEC son los que han posicionado \u00a0con su confianza las soluciones que ofrecemos y nuestra marca como referente especialista del mercado de la visi\u00f3n industrial. Clientes AGM TEC Nuestra meta Nuestra meta en AGM TEC es suministrar sistemas de v\u00eddeo inspecci\u00f3n robustos y asequibles para realizar un control\u00a0de tuber\u00edas y conductos. Nuestros &hellip; <a href=\"http:\/\/www.camara-de-tuberias.es\/blog\/\" class=\"more-link\">Seguir leyendo <span class=\"screen-reader-text\">Clientes AGM TEC<\/span> <span class=\"meta-nav\">&rarr;<\/span><\/a><\/p>\n","protected":false},"author":1,"featured_media":330,"parent":0,"menu_order":0,"comment_status":"closed","ping_status":"closed","template":"page-templates\/full-width.php","meta":{"sfsi_plus_gutenberg_text_before_share":"","sfsi_plus_gutenberg_show_text_before_share":"","sfsi_plus_gutenberg_icon_type":"","sfsi_plus_gutenberg_icon_alignemt":"","sfsi_plus_gutenburg_max_per_row":"","_mi_skip_tracking":false},"aioseo_notices":[],"_links":{"self":[{"href":"http:\/\/www.camara-de-tuberias.es\/blog\/wp-json\/wp\/v2\/pages\/89"}],"collection":[{"href":"http:\/\/www.camara-de-tuberias.es\/blog\/wp-json\/wp\/v2\/pages"}],"about":[{"href":"http:\/\/www.camara-de-tuberias.es\/blog\/wp-json\/wp\/v2\/types\/page"}],"author":[{"embeddable":true,"href":"http:\/\/www.camara-de-tuberias.es\/blog\/wp-json\/wp\/v2\/users\/1"}],"replies":[{"embeddable":true,"href":"http:\/\/www.camara-de-tuberias.es\/blog\/wp-json\/wp\/v2\/comments?post=89"}],"version-history":[{"count":16,"href":"http:\/\/www.camara-de-tuberias.es\/blog\/wp-json\/wp\/v2\/pages\/89\/revisions"}],"predecessor-version":[{"id":1631,"href":"http:\/\/www.camara-de-tuberias.es\/blog\/wp-json\/wp\/v2\/pages\/89\/revisions\/1631"}],"wp:featuredmedia":[{"embeddable":true,"href":"http:\/\/www.camara-de-tuberias.es\/blog\/wp-json\/wp\/v2\/media\/330"}],"wp:attachment":[{"href":"http:\/\/www.camara-de-tuberias.es\/blog\/wp-json\/wp\/v2\/media?parent=89"}],"curies":[{"name":"wp","href":"https:\/\/api.w.org\/{rel}","templated":true}]}}