{"id":924,"date":"2017-02-02T18:32:31","date_gmt":"2017-02-02T17:32:31","guid":{"rendered":"http:\/\/www.camara-de-tuberias.es\/blog\/?page_id=924"},"modified":"2018-04-02T15:31:33","modified_gmt":"2018-04-02T13:31:33","slug":"cotizaciones","status":"publish","type":"page","link":"http:\/\/www.camara-de-tuberias.es\/blog\/cotizaciones","title":{"rendered":"Cotizaciones"},"content":{"rendered":"<p>&nbsp;<\/p>\n<p><strong>Para sus consultas o cotizaciones utilice estos canales.<\/strong><\/p>\n<p><em>Si su consulta es sobre un presupuesto recibido, no olvide anotar el n\u00famero de referencia facilitado<\/em><\/p>\n<h3 style=\"text-align: center;\">Tel\u00e9fono Atenci\u00f3n<\/h3>\n<p style=\"text-align: center;\"><em>9 h a 18 h (Espa\u00f1a)<\/em><br \/>\n<em>o Buz\u00f3n de Voz<\/em><\/p>\n<p style=\"text-align: center;\"><button><span style=\"color: #ffffff;\"><a style=\"color: #ffffff;\" href=\"tel:+349515622\">+34 951 56 2222<\/a><\/span><\/button><\/p>\n<h3 style=\"text-align: center;\">Chat Directo<\/h3>\n<p style=\"text-align: center;\"><em>9 h a 18 h (Espa\u00f1a)<\/em><br \/>\n<em>o Mensaje<\/em><\/p>\n<p style=\"text-align: center;\"><button><span style=\"color: #ffffff;\"><a style=\"color: #ffffff;\" href=\"https:\/\/tawk.to\/agmtec\">Ir a Chat Directo<\/a><\/span><\/button><\/p>\n<h3 style=\"text-align: center;\">Formulario de Contacto<\/h3>\n<p style=\"text-align: center;\"><i>Enviar e-mail a Oficina Comercial<\/i><\/p>\n<p style=\"text-align: center;\"><button><span style=\"color: #ffffff;\"><a style=\"color: #ffffff;\" href=\"http:\/\/www.camara-de-tuberias.es\/contactanos\">Ir al Formulario Contacto<\/a><\/span><\/button><\/p>\n","protected":false},"excerpt":{"rendered":"<p>&nbsp; Para sus consultas o cotizaciones utilice estos canales. Si su consulta es sobre un presupuesto recibido, no olvide anotar el n\u00famero de referencia facilitado Tel\u00e9fono Atenci\u00f3n 9 h a 18 h (Espa\u00f1a) o Buz\u00f3n de Voz +34 951 56 2222 Chat Directo 9 h a 18 h (Espa\u00f1a) o Mensaje Ir a Chat Directo &hellip; <a href=\"http:\/\/www.camara-de-tuberias.es\/blog\/cotizaciones\" class=\"more-link\">Seguir leyendo <span class=\"screen-reader-text\">Cotizaciones<\/span> <span class=\"meta-nav\">&rarr;<\/span><\/a><\/p>\n","protected":false},"author":1,"featured_media":935,"parent":0,"menu_order":0,"comment_status":"closed","ping_status":"closed","template":"page-templates\/full-width.php","meta":{"sfsi_plus_gutenberg_text_before_share":"","sfsi_plus_gutenberg_show_text_before_share":"","sfsi_plus_gutenberg_icon_type":"","sfsi_plus_gutenberg_icon_alignemt":"","sfsi_plus_gutenburg_max_per_row":"","_mi_skip_tracking":false},"aioseo_notices":[],"_links":{"self":[{"href":"http:\/\/www.camara-de-tuberias.es\/blog\/wp-json\/wp\/v2\/pages\/924"}],"collection":[{"href":"http:\/\/www.camara-de-tuberias.es\/blog\/wp-json\/wp\/v2\/pages"}],"about":[{"href":"http:\/\/www.camara-de-tuberias.es\/blog\/wp-json\/wp\/v2\/types\/page"}],"author":[{"embeddable":true,"href":"http:\/\/www.camara-de-tuberias.es\/blog\/wp-json\/wp\/v2\/users\/1"}],"replies":[{"embeddable":true,"href":"http:\/\/www.camara-de-tuberias.es\/blog\/wp-json\/wp\/v2\/comments?post=924"}],"version-history":[{"count":25,"href":"http:\/\/www.camara-de-tuberias.es\/blog\/wp-json\/wp\/v2\/pages\/924\/revisions"}],"predecessor-version":[{"id":926,"href":"http:\/\/www.camara-de-tuberias.es\/blog\/wp-json\/wp\/v2\/pages\/924\/revisions\/926"}],"wp:featuredmedia":[{"embeddable":true,"href":"http:\/\/www.camara-de-tuberias.es\/blog\/wp-json\/wp\/v2\/media\/935"}],"wp:attachment":[{"href":"http:\/\/www.camara-de-tuberias.es\/blog\/wp-json\/wp\/v2\/media?parent=924"}],"curies":[{"name":"wp","href":"https:\/\/api.w.org\/{rel}","templated":true}]}}